{"id":18251,"date":"2023-10-02T16:54:22","date_gmt":"2023-10-02T13:54:22","guid":{"rendered":"https:\/\/gazievdebakim.com.tr\/ultrasound-and-x-ray-at-home\/"},"modified":"2023-12-11T15:11:09","modified_gmt":"2023-12-11T12:11:09","slug":"ultrasound-and-x-ray-at-home","status":"publish","type":"page","link":"https:\/\/gazievdebakim.com.tr\/en\/ultrasound-and-x-ray-at-home\/","title":{"rendered":"Ultrasound and X-ray at Home"},"content":{"rendered":"<p><img loading=\"lazy\" width=\"1920\" height=\"1080\" src=\"https:\/\/gazievdebakim.com.tr\/wp-content\/uploads\/2023\/09\/Evde-Doktor-Hizmeti.jpg\" alt=\"\" decoding=\"async\" srcset=\"https:\/\/gazievdebakim.com.tr\/wp-content\/uploads\/2023\/09\/Evde-Doktor-Hizmeti.jpg 1920w, https:\/\/gazievdebakim.com.tr\/wp-content\/uploads\/2023\/09\/Evde-Doktor-Hizmeti-400x225.jpg 400w, https:\/\/gazievdebakim.com.tr\/wp-content\/uploads\/2023\/09\/Evde-Doktor-Hizmeti-1300x731.jpg 1300w, https:\/\/gazievdebakim.com.tr\/wp-content\/uploads\/2023\/09\/Evde-Doktor-Hizmeti-768x432.jpg 768w, https:\/\/gazievdebakim.com.tr\/wp-content\/uploads\/2023\/09\/Evde-Doktor-Hizmeti-1536x864.jpg 1536w\" sizes=\"auto, (max-width: 1920px) 100vw, 1920px\" title=\"\">\t\t\t\t\t\t\t\t\t\t\t\t\t\t\t\t\t\t<\/p>\n<h4 data-elementor-setting-key=\"title\">\n\t\t\t\t\t\t\t\tUltrasound and X-ray at Home\t\t\t\t\t\t\t<\/h4>\n<p>Do not neglect your health! Meet with us at your home.<\/p>\n<p>\t\t\t<a ><br \/>\n\t\t\t\t\tQuick Information for Free<br \/>\n\t\t\t\t\t\t\t<\/a><\/p>\n<h2>Ultrasound and X-ray at Home<\/h2>\n<p>Patients who are in difficulty of reaching to a health care center can be in need of ultrasound, x-ray, ECG or echocardiography for their routine controls or for their newly developed symptoms. Different complaints that occur from time to time may also require such an imaging method. <\/p>\n<p>Current technology has now made imaging methods such as ultrasound, X-ray, ECG and echocardiography easily portable and accessible to the patient. Our Gazi Home Care team can come to your home and perform appropriate radiological examinations in your body according to your ultrasound examination and complaint. <\/p>\n<p>Thus, the first examinations of the patient who is difficult to reach a health institution are carried out at home and appropriate treatment or preparation for the next step is provided.<\/p>\n<p><iframe loading=\"lazy\" title=\"Evde EKG \u00c7ekimi | Gazi Evde Sa\u011fl\u0131k\" width=\"500\" height=\"281\" src=\"https:\/\/www.youtube.com\/embed\/h_r7tDfkV8k?feature=oembed\" frameborder=\"0\" allow=\"accelerometer; autoplay; clipboard-write; encrypted-media; gyroscope; picture-in-picture; web-share\" referrerpolicy=\"strict-origin-when-cross-origin\" allowfullscreen><\/iframe><br \/>\n\t\t\t\t\tInformation for Free with Telephone or WhatsApp\t\t\t\t<\/p>\n<h4>Contact Us<\/h4>\n<p>\t\t\t\t<a href=\"tel:+902322702424\" tabindex=\"-1\"><br \/>\n\t\t\t\t\t\t\t\t<\/a><\/p>\n<h3>\n\t\t\t\t\t<a href=\"tel:+902322702424\" ><br \/>\n\t\t\t\t\t\t0 232 270 24 24\t\t\t\t\t<\/a><br \/>\n\t\t\t\t<\/h3>\n<p>\t\t\t\t<a href=\"https:\/\/wa.me\/905017256005\" tabindex=\"-1\" target=\"_blank\" rel=\"noopener\"><br \/>\n\t\t\t\t\t\t\t\t<\/a><\/p>\n<h3>\n\t\t\t\t\t<a href=\"https:\/\/wa.me\/905017256005\" target=\"_blank\" rel=\"noopener\"><br \/>\n\t\t\t\t\t\t0 501 725 60 05\t\t\t\t\t<\/a><br \/>\n\t\t\t\t<\/h3>\n<p>\t\t\t\t\tFill the form for information for free.\t\t\t\t<\/p>\n<h4>We\u2019ll call you!<\/h4>\n<div id=\"quform-1f7c21\" class=\"quform quform-5 quform-support-page-caching\"><form id=\"quform-form-1f7c21\" class=\"quform-form quform-form-5\" action=\"\/en\/wp-json\/wp\/v2\/pages\/18251#quform-1f7c21\" method=\"post\" enctype=\"multipart\/form-data\" novalidate=\"novalidate\" data-options=\"{&quot;id&quot;:5,&quot;uniqueId&quot;:&quot;1f7c21&quot;,&quot;theme&quot;:&quot;&quot;,&quot;ajax&quot;:true,&quot;logic&quot;:{&quot;logic&quot;:[],&quot;dependents&quot;:[],&quot;elementIds&quot;:[],&quot;dependentElementIds&quot;:[],&quot;animate&quot;:true},&quot;currentPageId&quot;:1,&quot;errorsIcon&quot;:&quot;&quot;,&quot;updateFancybox&quot;:true,&quot;hasPages&quot;:false,&quot;pages&quot;:[1],&quot;pageProgressType&quot;:&quot;numbers&quot;,&quot;tooltipsEnabled&quot;:true,&quot;tooltipClasses&quot;:&quot;qtip-quform-dark qtip-shadow&quot;,&quot;tooltipMy&quot;:&quot;left center&quot;,&quot;tooltipAt&quot;:&quot;right center&quot;,&quot;isRtl&quot;:false,&quot;scrollOffset&quot;:-50,&quot;scrollSpeed&quot;:800}\"><button class=\"quform-default-submit\" name=\"quform_submit\" type=\"submit\" value=\"submit\" aria-hidden=\"true\" tabindex=\"-1\"><\/button><div class=\"quform-form-inner quform-form-inner-5\"><input type=\"hidden\" name=\"quform_form_id\" value=\"5\" \/><input type=\"hidden\" name=\"quform_form_uid\" value=\"1f7c21\" \/><input type=\"hidden\" name=\"quform_count\" value=\"1\" \/><input type=\"hidden\" name=\"form_url\" value=\"https:\/\/gazievdebakim.com.tr\/en\/wp-json\/wp\/v2\/pages\/18251\" \/><input type=\"hidden\" name=\"referring_url\" value=\"https:\/\/gazievdebakim.com.tr\/en\/ultrasound-and-x-ray-at-home\/\" \/><input type=\"hidden\" name=\"post_id\" value=\"\" \/><input type=\"hidden\" name=\"post_title\" value=\"\" \/><input type=\"hidden\" name=\"quform_current_page_id\" value=\"1\" \/><input type=\"hidden\" name=\"quform_loaded\" value=\"1776281508|f476a5bb1ea920c1ecbc63edd26f767f\" \/><input type=\"hidden\" name=\"quform_csrf_token\" value=\"HxvnvXZLTlwPYCjsyLMUh8UaI63WPmAzGAolvuab\" \/><div class=\"quform-elements quform-elements-5 quform-cf quform-responsive-elements-phone-landscape\"><div class=\"quform-element quform-element-page quform-page-1 quform-page-5_1 quform-cf quform-group-style-plain quform-first-page quform-last-page quform-current-page\"><div class=\"quform-child-elements\"><div class=\"quform-element quform-element-row quform-element-row-5_7 quform-1-columns quform-element-row-size-fixed quform-responsive-columns-phone-landscape\"><div class=\"quform-element quform-element-column quform-element-5_8\"><div class=\"quform-element quform-element-text quform-element-5_4 quform-cf quform-element-required\"><div class=\"quform-spacer\"><div class=\"quform-inner quform-inner-text quform-inner-5_4\"><div class=\"quform-input quform-input-text quform-input-5_4 quform-cf quform-has-field-icon-left\"><input type=\"text\" id=\"quform_5_4_1f7c21\" name=\"quform_5_4\" class=\"quform-field quform-field-text quform-field-5_4\" placeholder=\"Name Surname:\" \/><span class=\"quform-field-icon quform-field-icon-left\"><i class=\"fa fa-user\"><\/i><\/span><\/div><\/div><\/div><\/div><div class=\"quform-element quform-element-text quform-element-5_5 quform-cf quform-element-required\"><div class=\"quform-spacer\"><div class=\"quform-inner quform-inner-text quform-inner-5_5\"><div class=\"quform-input quform-input-text quform-input-5_5 quform-cf quform-has-field-icon-left\"><input type=\"text\" id=\"quform_5_5_1f7c21\" name=\"quform_5_5\" class=\"quform-field quform-field-text quform-field-5_5\" placeholder=\"Mobile Phone\" \/><span class=\"quform-field-icon quform-field-icon-left\"><i class=\"fa fa-mobile-phone\"><\/i><\/span><\/div><\/div><\/div><\/div><\/div><\/div><div class=\"quform-element quform-element-textarea quform-element-5_250409 quform-sr-only quform-cf\" style=\"clip: rect(1px, 1px, 1px, 1px); clip-path: inset(50%); position: absolute !important; height: 1px; width: 1px; overflow: hidden;\"><div class=\"quform-spacer\"><div class=\"quform-label quform-label-5_250409\"><label class=\"quform-label-text\" for=\"quform_5_250409_1f7c21\">Email Address<span class=\"quform-required\">*<\/span><\/label><\/div><div class=\"quform-inner quform-inner-5_250409\"><textarea id=\"quform_5_250409_1f7c21\" name=\"quform_5_250409\" class=\"quform-field quform-field-textarea quform-field-5_250409\" tabindex=\"-1\" autocomplete=\"new-password\"><\/textarea><\/div><\/div><\/div><div class=\"quform-element quform-element-checkbox quform-element-5_11 quform-cf quform-element-required\"><div class=\"quform-spacer\"><div class=\"quform-inner quform-inner-checkbox quform-inner-5_11\"><div class=\"quform-input quform-input-checkbox quform-input-5_11 quform-cf\"><div class=\"quform-options quform-cf quform-options-block quform-options-simple\"><div class=\"quform-option\"><input type=\"checkbox\" name=\"quform_5_11[]\" id=\"quform_5_11_1f7c21_1\" class=\"quform-field quform-field-checkbox quform-field-5_11 quform-field-5_11_1\" value=\"*I have read and approve the &lt;a href=&quot;https:\/\/www.gazievdebakim.com.tr\/en\/kvkk-privacy-and-cookie-policy\/&quot;&gt;&lt;font color=&quot;#003F90&quot;&gt; KVKK and Privacy Policy &lt;\/font&gt;&lt;\/a&gt; regarding the use of my data.\" \/><label for=\"quform_5_11_1f7c21_1\" class=\"quform-option-label quform-option-label-5_11_1\"><span class=\"quform-option-text\">*I have read and approve the <a href=\"https:\/\/www.gazievdebakim.com.tr\/en\/kvkk-privacy-and-cookie-policy\/\"><font color=\"#003F90\"> KVKK and Privacy Policy <\/font><\/a> regarding the use of my data.<\/span><\/label><\/div><\/div><\/div><\/div><\/div><\/div><div class=\"quform-element quform-element-submit quform-element-5_2 quform-cf quform-button-style-bootstrap-primary\"><div class=\"quform-button-submit quform-button-submit-default quform-button-submit-5_2\"><button name=\"quform_submit\" type=\"submit\" class=\"quform-submit\" value=\"submit\"><span class=\"quform-button-text quform-button-submit-text\">Send<\/span><\/button><\/div><div class=\"quform-loading quform-loading-position-left quform-loading-type-spinner-1\"><div class=\"quform-loading-inner\"><div class=\"quform-loading-spinner\"><div class=\"quform-loading-spinner-inner\"><\/div><\/div><\/div><\/div><\/div><\/div><\/div><\/div><\/div><\/form><\/div>\n","protected":false},"excerpt":{"rendered":"<p>Ultrasound and X-ray at Home Do not neglect your health! Meet with us at your home. Quick Information for Free<\/p>\n","protected":false},"author":1,"featured_media":0,"parent":0,"menu_order":0,"comment_status":"closed","ping_status":"closed","template":"","meta":{"footnotes":""},"class_list":["post-18251","page","type-page","status-publish","hentry"],"_links":{"self":[{"href":"https:\/\/gazievdebakim.com.tr\/en\/wp-json\/wp\/v2\/pages\/18251","targetHints":{"allow":["GET"]}}],"collection":[{"href":"https:\/\/gazievdebakim.com.tr\/en\/wp-json\/wp\/v2\/pages"}],"about":[{"href":"https:\/\/gazievdebakim.com.tr\/en\/wp-json\/wp\/v2\/types\/page"}],"author":[{"embeddable":true,"href":"https:\/\/gazievdebakim.com.tr\/en\/wp-json\/wp\/v2\/users\/1"}],"replies":[{"embeddable":true,"href":"https:\/\/gazievdebakim.com.tr\/en\/wp-json\/wp\/v2\/comments?post=18251"}],"version-history":[{"count":0,"href":"https:\/\/gazievdebakim.com.tr\/en\/wp-json\/wp\/v2\/pages\/18251\/revisions"}],"wp:attachment":[{"href":"https:\/\/gazievdebakim.com.tr\/en\/wp-json\/wp\/v2\/media?parent=18251"}],"curies":[{"name":"wp","href":"https:\/\/api.w.org\/{rel}","templated":true}]}}