{"id":18243,"date":"2023-10-02T16:53:54","date_gmt":"2023-10-02T13:53:54","guid":{"rendered":"https:\/\/gazievdebakim.com.tr\/physiotherapy-at-home\/"},"modified":"2024-04-02T17:02:16","modified_gmt":"2024-04-02T14:02:16","slug":"physiotherapy-at-home","status":"publish","type":"page","link":"https:\/\/gazievdebakim.com.tr\/en\/physiotherapy-at-home\/","title":{"rendered":"Physiotherapy at Home"},"content":{"rendered":"<link rel=\"stylesheet\" id=\"wd-banner-css\" href=\"https:\/\/gazievdebakim.com.tr\/wp-content\/themes\/woodmart\/css\/parts\/el-banner.min.css?ver=7.4.3\" type=\"text\/css\" media=\"all\" \/> \t\t\t\t\t\t<link rel=\"stylesheet\" id=\"wd-banner-style-mask-and-shadow-css\" href=\"https:\/\/gazievdebakim.com.tr\/wp-content\/themes\/woodmart\/css\/parts\/el-banner-style-mask-and-shadow.min.css?ver=7.4.3\" type=\"text\/css\" media=\"all\" \/>\n\t\t\t\t\t\t\t\t\t\t\t\t\t\t\t\t\t\t\t\t\t<img loading=\"lazy\" width=\"1920\" height=\"1080\" src=\"https:\/\/gazievdebakim.com.tr\/wp-content\/uploads\/2023\/09\/Evde-Doktor-Hizmeti.jpg\" alt=\"\" decoding=\"async\" srcset=\"https:\/\/gazievdebakim.com.tr\/wp-content\/uploads\/2023\/09\/Evde-Doktor-Hizmeti.jpg 1920w, https:\/\/gazievdebakim.com.tr\/wp-content\/uploads\/2023\/09\/Evde-Doktor-Hizmeti-400x225.jpg 400w, https:\/\/gazievdebakim.com.tr\/wp-content\/uploads\/2023\/09\/Evde-Doktor-Hizmeti-1300x731.jpg 1300w, https:\/\/gazievdebakim.com.tr\/wp-content\/uploads\/2023\/09\/Evde-Doktor-Hizmeti-768x432.jpg 768w, https:\/\/gazievdebakim.com.tr\/wp-content\/uploads\/2023\/09\/Evde-Doktor-Hizmeti-1536x864.jpg 1536w\" sizes=\"auto, (max-width: 1920px) 100vw, 1920px\" title=\"\">\t\t\t\t\t\t\t\t\t\t\t\t\t\t\t\t\t\t<\/p>\n<h4 data-elementor-setting-key=\"title\">\n\t\t\t\t\t\t\t\t\u201cPhysiotherapy at Home\u201d Service \t\t\t\t\t\t\t<\/h4>\n<p>Do not neglect your health! Meet with us at your home.<\/p>\n<p>\t\t\t<a  href=\"tel:+902322702424\"><br \/>\n\t\t\t\t\tQuick Information for Free<br \/>\n\t\t\t\t\t\t\t<\/a><br \/>\n\t\t\t\t\t\t\t\t\t<a href=\"tel:+902322702424\" aria-label=\"Banner link\"><\/a><\/p>\n<h2>Physiotherapy at Home<\/h2>\n<p>\u201cPhysiotherapy at home\u201d service is the physiotherapy exercises done in the home of people who had orthopedical surgery (knee-hip prothesis, hip fracture etc), who has neurological conditions like stroke, MS, Parkinson\u2019s disease and who has walking difficulty because of elderly age or any other condition. <\/p>\n<p>The service begins with the evaluation of our physiotherapist and defining the tailor-made physiotherapy programs according to patients\u2019 status and target with the supervision of patients\u2019 doctor and goes on with execution of therapy sessions according to the program. The physiotherapist brings equipment such as electrotherapy device, elastic band, kinesioband, free weight, wrist weight, balance disc, etc. necessary for physical therapy at home.<\/p>\n<p>https:\/\/youtu.be\/A-rp8gUQHTM<\/p>\n<h3>Advantages of \u201cPhysiotherapy at Home\u201d service:<\/h3>\n<ul>\n<li>Patient feels safer and more comfortable.<\/li>\n<li>Patient saves energy of transportation to hospital and can concentrate better to the therapy sessions and better outcomes can occur.<\/li>\n<li>Infection risks of hospitalization can be avoided.<\/li>\n<li>The patient and his\/her family have a more positive process.<\/li>\n<li>Lack of time in traffic and in the cues in hospital can be avoided.<\/li>\n<li>Damages due to transportation can be avoided.<\/li>\n<li>Physiotherapist understands more about patient\u2019s life habits and environment and designs the exercises according to patient\u2019s needs.<\/li>\n<li>The physiotherapist can make the environment suitable for the patient by identifying the risk factors that may affect the patient and the negativities of the house. This can reduce the risk of falls, especially for elderly patients.<\/li>\n<li>Patients who have Alzheimer\u2019s disease can be protected from the negative effects of environmental changes.<\/li>\n<\/ul>\n<h3>Physiotherapy Procedures:<\/h3>\n<ul>\n<li>Geriatric Rehabilitation<\/li>\n<li>Neurological rehabilitation (stroke, MS, Parkinson\u2019s disease)<\/li>\n<li>Orthopedic rehabilitation<\/li>\n<li>Vertebra rehabilitation<\/li>\n<li>Painful conditions of musculoskeletal system (Lumbar or cervical hernia, fibromyalgia, osteoarthritis)<\/li>\n<li>Inflammatory rheumatic disease of musculoskeletal system like ankylosing spondylitis, rheumatic arthritis)<\/li>\n<li>Osteoporosis (lack of bone mineral density)<\/li>\n<li>Personal exercises programs<\/li>\n<li>Manuel therapy<\/li>\n<li>Electrotherapy<\/li>\n<li>Kinesiotherapy<\/li>\n<li>Breathing rehabilitation<\/li>\n<\/ul>\n<p><iframe loading=\"lazy\" title=\"Evde Fizik Tedavinin Faydalar\u0131 | Gazi Evde Sa\u011fl\u0131k\" width=\"500\" height=\"281\" src=\"https:\/\/www.youtube.com\/embed\/zou6UQlKS10?feature=oembed\" frameborder=\"0\" allow=\"accelerometer; autoplay; clipboard-write; encrypted-media; gyroscope; picture-in-picture; web-share\" referrerpolicy=\"strict-origin-when-cross-origin\" allowfullscreen><\/iframe>\n\t\t\t\t\t\t<link rel=\"stylesheet\" id=\"wd-section-title-css\" href=\"https:\/\/gazievdebakim.com.tr\/wp-content\/themes\/woodmart\/css\/parts\/el-section-title.min.css?ver=7.4.3\" type=\"text\/css\" media=\"all\" \/>\n\t\t\t\t\tInformation for Free with Telephone or WhatsApp\t\t\t\t<\/p>\n<h4>Contact Us<\/h4>\n<link rel=\"stylesheet\" href=\"https:\/\/gazievdebakim.com.tr\/wp-content\/uploads\/elementor\/css\/custom-widget-icon-box.min.css?ver=1711729326\">\n\t\t\t\t<a href=\"tel:+902322702424\" tabindex=\"-1\"><br \/>\n\t\t\t\t\t\t\t\t<\/a><\/p>\n<h3>\n\t\t\t\t\t<a href=\"tel:+902322702424\" ><br \/>\n\t\t\t\t\t\t0 232 270 24 24\t\t\t\t\t<\/a><br \/>\n\t\t\t\t<\/h3>\n<p>\t\t\t\t<a href=\"https:\/\/wa.me\/905017256005\" tabindex=\"-1\" target=\"_blank\" rel=\"noopener\"><br \/>\n\t\t\t\t\t\t\t\t<\/a><\/p>\n<h3>\n\t\t\t\t\t<a href=\"https:\/\/wa.me\/905017256005\" target=\"_blank\" rel=\"noopener\"><br \/>\n\t\t\t\t\t\t0 501 725 60 05\t\t\t\t\t<\/a><br \/>\n\t\t\t\t<\/h3>\n<p>\t\t\t\t\tFill the form for information for free.\t\t\t\t<\/p>\n<h4>We\u2019ll call you!<\/h4>\n<div id=\"quform-bb05d1\" class=\"quform quform-1 quform-support-page-caching\"><form id=\"quform-form-bb05d1\" class=\"quform-form quform-form-1\" action=\"\/en\/wp-json\/wp\/v2\/pages\/18243#quform-bb05d1\" method=\"post\" enctype=\"multipart\/form-data\" novalidate=\"novalidate\" data-options=\"{&quot;id&quot;:1,&quot;uniqueId&quot;:&quot;bb05d1&quot;,&quot;theme&quot;:&quot;&quot;,&quot;ajax&quot;:true,&quot;logic&quot;:{&quot;logic&quot;:[],&quot;dependents&quot;:[],&quot;elementIds&quot;:[],&quot;dependentElementIds&quot;:[],&quot;animate&quot;:true},&quot;currentPageId&quot;:1,&quot;errorsIcon&quot;:&quot;&quot;,&quot;updateFancybox&quot;:true,&quot;hasPages&quot;:false,&quot;pages&quot;:[1],&quot;pageProgressType&quot;:&quot;numbers&quot;,&quot;tooltipsEnabled&quot;:true,&quot;tooltipClasses&quot;:&quot;qtip-quform-dark qtip-shadow&quot;,&quot;tooltipMy&quot;:&quot;left center&quot;,&quot;tooltipAt&quot;:&quot;right center&quot;,&quot;isRtl&quot;:false,&quot;scrollOffset&quot;:-50,&quot;scrollSpeed&quot;:800}\"><button class=\"quform-default-submit\" name=\"quform_submit\" type=\"submit\" value=\"submit\" aria-hidden=\"true\" tabindex=\"-1\"><\/button><div class=\"quform-form-inner quform-form-inner-1\"><input type=\"hidden\" name=\"quform_form_id\" value=\"1\" \/><input type=\"hidden\" name=\"quform_form_uid\" value=\"bb05d1\" \/><input type=\"hidden\" name=\"quform_count\" value=\"1\" \/><input type=\"hidden\" name=\"form_url\" value=\"https:\/\/gazievdebakim.com.tr\/en\/wp-json\/wp\/v2\/pages\/18243\" \/><input type=\"hidden\" name=\"referring_url\" value=\"\" \/><input type=\"hidden\" name=\"post_id\" value=\"\" \/><input type=\"hidden\" name=\"post_title\" value=\"\" \/><input type=\"hidden\" name=\"quform_current_page_id\" value=\"1\" \/><input type=\"hidden\" name=\"quform_loaded\" value=\"1775391806|435ad3b737f0a2e164efbac5a42a0752\" \/><input type=\"hidden\" name=\"quform_csrf_token\" value=\"mW5tAtzNCIIKD8HbmYjEytiEQmXj8Z1bbozdz5my\" \/><div class=\"quform-elements quform-elements-1 quform-cf quform-responsive-elements-phone-landscape\"><div class=\"quform-element quform-element-page quform-page-1 quform-page-1_1 quform-cf quform-group-style-plain quform-first-page quform-last-page quform-current-page\"><div class=\"quform-child-elements\"><div class=\"quform-element quform-element-textarea quform-element-1_641379 quform-sr-only quform-cf\" style=\"clip: rect(1px, 1px, 1px, 1px); clip-path: inset(50%); position: absolute !important; height: 1px; width: 1px; overflow: hidden;\"><div class=\"quform-spacer\"><div class=\"quform-label quform-label-1_641379\"><label class=\"quform-label-text\" for=\"quform_1_641379_bb05d1\">Business Email<span class=\"quform-required\">*<\/span><\/label><\/div><div class=\"quform-inner quform-inner-1_641379\"><textarea id=\"quform_1_641379_bb05d1\" name=\"quform_1_641379\" class=\"quform-field quform-field-textarea quform-field-1_641379\" tabindex=\"-1\" autocomplete=\"new-password\"><\/textarea><\/div><\/div><\/div><div class=\"quform-element quform-element-row quform-element-row-1_9 quform-1-columns quform-element-row-size-fixed quform-responsive-columns-phone-landscape\"><div class=\"quform-element quform-element-column quform-element-1_10\"><div class=\"quform-element quform-element-text quform-element-1_5 quform-cf quform-element-required\"><div class=\"quform-spacer\"><div class=\"quform-inner quform-inner-text quform-inner-1_5\"><div class=\"quform-input quform-input-text quform-input-1_5 quform-cf quform-has-field-icon-left\"><input type=\"text\" id=\"quform_1_5_bb05d1\" name=\"quform_1_5\" class=\"quform-field quform-field-text quform-field-1_5\" placeholder=\"Ad Soyad:\" \/><span class=\"quform-field-icon quform-field-icon-left\"><i class=\"fa fa-user\"><\/i><\/span><\/div><\/div><\/div><\/div><div class=\"quform-element quform-element-text quform-element-1_4 quform-cf quform-element-required\"><div class=\"quform-spacer\"><div class=\"quform-inner quform-inner-text quform-inner-1_4\"><div class=\"quform-input quform-input-text quform-input-1_4 quform-cf quform-has-field-icon-left\"><input type=\"text\" id=\"quform_1_4_bb05d1\" name=\"quform_1_4\" class=\"quform-field quform-field-text quform-field-1_4\" placeholder=\"Telefon Numaras\u0131\" \/><span class=\"quform-field-icon quform-field-icon-left\"><i class=\"fa fa-mobile-phone\"><\/i><\/span><\/div><\/div><\/div><\/div><\/div><\/div><div class=\"quform-element quform-element-checkbox quform-element-1_18 quform-cf quform-element-required\"><div class=\"quform-spacer\"><div class=\"quform-inner quform-inner-checkbox quform-inner-1_18\"><div class=\"quform-input quform-input-checkbox quform-input-1_18 quform-cf\"><div class=\"quform-options quform-cf quform-options-block quform-options-simple\"><div class=\"quform-option\"><input type=\"checkbox\" name=\"quform_1_18[]\" id=\"quform_1_18_bb05d1_1\" class=\"quform-field quform-field-checkbox quform-field-1_18 quform-field-1_18_1\" value=\"*Verilerimin kullan\u0131lmas\u0131 ile ilgili &lt;a href=&quot;https:\/\/www.gazievdebakim.com.tr\/kvkk-gizlilik-ve-cerez-politikasi\/&quot;&gt;&lt;font color=&quot;#003F90&quot;&gt; KVVK ve Gizlilik Politikas\u0131&lt;\/font&gt;&lt;\/a&gt; okudum ve onayl\u0131yorum.\" \/><label for=\"quform_1_18_bb05d1_1\" class=\"quform-option-label quform-option-label-1_18_1\"><span class=\"quform-option-text\">*Verilerimin kullan\u0131lmas\u0131 ile ilgili <a href=\"https:\/\/www.gazievdebakim.com.tr\/kvkk-gizlilik-ve-cerez-politikasi\/\"><font color=\"#003F90\"> KVVK ve Gizlilik Politikas\u0131<\/font><\/a> okudum ve onayl\u0131yorum.<\/span><\/label><\/div><\/div><\/div><\/div><\/div><\/div><div class=\"quform-element quform-element-submit quform-element-1_2 quform-cf quform-button-style-bootstrap-primary\"><div class=\"quform-button-submit quform-button-submit-default quform-button-submit-1_2\"><button name=\"quform_submit\" type=\"submit\" class=\"quform-submit\" value=\"submit\"><span class=\"quform-button-text quform-button-submit-text\">G\u00f6nder<\/span><\/button><\/div><div class=\"quform-loading quform-loading-position-left quform-loading-type-spinner-1\"><div class=\"quform-loading-inner\"><div class=\"quform-loading-spinner\"><div class=\"quform-loading-spinner-inner\"><\/div><\/div><\/div><\/div><\/div><\/div><\/div><\/div><\/div><\/form><\/div>\n","protected":false},"excerpt":{"rendered":"<p>\u201cPhysiotherapy at Home\u201d Service Do not neglect your health! Meet with us at your home. Quick Information for Free Physiotherapy<\/p>\n","protected":false},"author":1,"featured_media":0,"parent":0,"menu_order":0,"comment_status":"closed","ping_status":"closed","template":"","meta":{"footnotes":""},"class_list":["post-18243","page","type-page","status-publish","hentry"],"_links":{"self":[{"href":"https:\/\/gazievdebakim.com.tr\/en\/wp-json\/wp\/v2\/pages\/18243","targetHints":{"allow":["GET"]}}],"collection":[{"href":"https:\/\/gazievdebakim.com.tr\/en\/wp-json\/wp\/v2\/pages"}],"about":[{"href":"https:\/\/gazievdebakim.com.tr\/en\/wp-json\/wp\/v2\/types\/page"}],"author":[{"embeddable":true,"href":"https:\/\/gazievdebakim.com.tr\/en\/wp-json\/wp\/v2\/users\/1"}],"replies":[{"embeddable":true,"href":"https:\/\/gazievdebakim.com.tr\/en\/wp-json\/wp\/v2\/comments?post=18243"}],"version-history":[{"count":0,"href":"https:\/\/gazievdebakim.com.tr\/en\/wp-json\/wp\/v2\/pages\/18243\/revisions"}],"wp:attachment":[{"href":"https:\/\/gazievdebakim.com.tr\/en\/wp-json\/wp\/v2\/media?parent=18243"}],"curies":[{"name":"wp","href":"https:\/\/api.w.org\/{rel}","templated":true}]}}