{"id":18240,"date":"2023-10-02T16:53:35","date_gmt":"2023-10-02T13:53:35","guid":{"rendered":"https:\/\/gazievdebakim.com.tr\/nurse-at-home\/"},"modified":"2024-04-03T14:59:01","modified_gmt":"2024-04-03T11:59:01","slug":"nurse-at-home","status":"publish","type":"page","link":"https:\/\/gazievdebakim.com.tr\/en\/nurse-at-home\/","title":{"rendered":"Nurse at Home"},"content":{"rendered":"<link rel=\"stylesheet\" id=\"wd-banner-css\" href=\"https:\/\/gazievdebakim.com.tr\/wp-content\/themes\/woodmart\/css\/parts\/el-banner.min.css?ver=7.4.3\" type=\"text\/css\" media=\"all\" \/> \t\t\t\t\t\t<link rel=\"stylesheet\" id=\"wd-banner-style-mask-and-shadow-css\" href=\"https:\/\/gazievdebakim.com.tr\/wp-content\/themes\/woodmart\/css\/parts\/el-banner-style-mask-and-shadow.min.css?ver=7.4.3\" type=\"text\/css\" media=\"all\" \/>\n\t\t\t\t\t\t\t\t\t\t\t\t\t\t\t\t\t\t\t\t\t<img loading=\"lazy\" width=\"1920\" height=\"1080\" src=\"https:\/\/gazievdebakim.com.tr\/wp-content\/uploads\/2023\/09\/Evde-Doktor-Hizmeti.jpg\" alt=\"\" decoding=\"async\" srcset=\"https:\/\/gazievdebakim.com.tr\/wp-content\/uploads\/2023\/09\/Evde-Doktor-Hizmeti.jpg 1920w, https:\/\/gazievdebakim.com.tr\/wp-content\/uploads\/2023\/09\/Evde-Doktor-Hizmeti-400x225.jpg 400w, https:\/\/gazievdebakim.com.tr\/wp-content\/uploads\/2023\/09\/Evde-Doktor-Hizmeti-1300x731.jpg 1300w, https:\/\/gazievdebakim.com.tr\/wp-content\/uploads\/2023\/09\/Evde-Doktor-Hizmeti-768x432.jpg 768w, https:\/\/gazievdebakim.com.tr\/wp-content\/uploads\/2023\/09\/Evde-Doktor-Hizmeti-1536x864.jpg 1536w\" sizes=\"auto, (max-width: 1920px) 100vw, 1920px\" title=\"\">\t\t\t\t\t\t\t\t\t\t\t\t\t\t\t\t\t\t<\/p>\n<h4 data-elementor-setting-key=\"title\">\n\t\t\t\t\t\t\t\t\u201cNurse at Home\u201d Service\t\t\t\t\t\t\t<\/h4>\n<p>Do not neglect your health! Meet with us at your home.<\/p>\n<p>\t\t\t<a  href=\"tel:+902322702424\"><br \/>\n\t\t\t\t\tQuick Information for Free<br \/>\n\t\t\t\t\t\t\t<\/a><br \/>\n\t\t\t\t\t\t\t\t\t<a href=\"tel:+902322702424\" aria-label=\"Banner link\"><\/a><br \/>\n\t\t<a href=\"https:\/\/gazievdebakim.com.tr\/en\/nurse-at-home\/\"><br \/>\n\t\t\t\t\t\t\u201cNurse at Home\u201d Service<br \/>\n\t\t\t\t<!-- After Icon --><br \/>\n\t\t<\/a><br \/>\n\t\t<a href=\"https:\/\/gazievdebakim.com.tr\/en\/nurse-at-home\/#evde-serum-tedavileri\"><br \/>\n\t\t\t\t\t\tIV Treatments at Home<br \/>\n\t\t\t\t<!-- After Icon --><br \/>\n\t\t<\/a><br \/>\n\t\t<a href=\"https:\/\/gazievdebakim.com.tr\/en\/nurse-at-home\/#evde-enjeksiyon-uygulamasi\"><br \/>\n\t\t\t\t\t\tInjections at Home<br \/>\n\t\t\t\t<!-- After Icon --><br \/>\n\t\t<\/a><br \/>\n\t\t<a href=\"https:\/\/gazievdebakim.com.tr\/en\/nurse-at-home\/#evde-sonda-takma-ve-cikarma\"><br \/>\n\t\t\t\t\t\tUrinary Catheter Management at Home<br \/>\n\t\t\t\t<!-- After Icon --><br \/>\n\t\t<\/a><br \/>\n\t\t<a href=\"https:\/\/gazievdebakim.com.tr\/en\/nurse-at-home\/#evde-kan-alma-hizmeti\"><br \/>\n\t\t\t\t\t\tTaking Blood Sample at Home<br \/>\n\t\t\t\t<!-- After Icon --><br \/>\n\t\t<\/a><br \/>\n\t\t<a href=\"https:\/\/gazievdebakim.com.tr\/en\/nurse-at-home\/#evde-stoma-bakim\"><br \/>\n\t\t\t\t\t\tStoma Care at Home<br \/>\n\t\t\t\t<!-- After Icon --><br \/>\n\t\t<\/a><br \/>\n\t\t<a href=\"https:\/\/gazievdebakim.com.tr\/en\/nurse-at-home\/\"><br \/>\n\t\t\t\t\t\t\u201cNurse at Home\u201d Service<br \/>\n\t\t\t\t<!-- After Icon --><br \/>\n\t\t<\/a><br \/>\n\t\t<a href=\"https:\/\/gazievdebakim.com.tr\/en\/nurse-at-home\/#evde-serum-tedavileri\"><br \/>\n\t\t\t\t\t\tIV Treatments at Home<br \/>\n\t\t\t\t<!-- After Icon --><br \/>\n\t\t<\/a><br \/>\n\t\t<a href=\"https:\/\/gazievdebakim.com.tr\/en\/nurse-at-home\/#evde-enjeksiyon-uygulamasi\"><br \/>\n\t\t\t\t\t\tInjections at Home<br \/>\n\t\t\t\t<!-- After Icon --><br \/>\n\t\t<\/a><br \/>\n\t\t<a href=\"https:\/\/gazievdebakim.com.tr\/en\/nurse-at-home\/#evde-sonda-takma-ve-cikarma\"><br \/>\n\t\t\t\t\t\tUrinary Catheter Management at Home<br \/>\n\t\t\t\t<!-- After Icon --><br \/>\n\t\t<\/a><br \/>\n\t\t<a href=\"https:\/\/gazievdebakim.com.tr\/en\/nurse-at-home\/#evde-kan-alma-hizmeti\"><br \/>\n\t\t\t\t\t\tTaking Blood Sample at Home<br \/>\n\t\t\t\t<!-- After Icon --><br \/>\n\t\t<\/a><br \/>\n\t\t<a href=\"https:\/\/gazievdebakim.com.tr\/en\/nurse-at-home\/#evde-stoma-bakim\"><br \/>\n\t\t\t\t\t\tStoma Care at Home<br \/>\n\t\t\t\t<!-- After Icon --><br \/>\n\t\t<\/a><\/p>\n<style>\/*! elementor - v3.20.0 - 26-03-2024 *\/\nbody.elementor-page .elementor-widget-menu-anchor{margin-bottom:0}<\/style>\n<h2>\u201cNurse at Home\u201d Service<\/h2>\n<p>\u201cNurse at home\u201d service provides care and treatment to the patients they need in their own home. If hospitalization is not necessary but professional care and monitoring is necessary \u201cnurse at home\u201d will be in your service.<\/p>\n<h3>Advantages of \u201cnurse at home\u201d service:<\/h3>\n<ul>\n<li><strong>Comfort:<\/strong> Patients feel more comfortable as they are cared in a familiar environment.<\/li>\n<li><strong>Tailor Made Care and Treatment:<\/strong> Our nurses are focused to your individual needs and provide you the best care you need.<\/li>\n<li><strong>Cost \/ Effectiveness:<\/strong> With tailor made treatment approach and low risk of infection, sometimes \u201chealthcare at home\u201d is more cost \/ effective than hospital care.<\/li>\n<li><strong>Less risk for infection:<\/strong> Hospitals are more dangerous for bacterial contamination and have greater risk for all kind of infections than healthcare at home.<\/li>\n<li><strong>Family Connections:<\/strong> Patients who are cared at home have the possibility of spending more time with their loved ones.<\/li>\n<\/ul>\n<style>\/*! elementor - v3.20.0 - 26-03-2024 *\/\n.elementor-column .elementor-spacer-inner{height:var(--spacer-size)}.e-con{--container-widget-width:100%}.e-con-inner>.elementor-widget-spacer,.e-con>.elementor-widget-spacer{width:var(--container-widget-width,var(--spacer-size));--align-self:var(--container-widget-align-self,initial);--flex-shrink:0}.e-con-inner>.elementor-widget-spacer>.elementor-widget-container,.e-con>.elementor-widget-spacer>.elementor-widget-container{height:100%;width:100%}.e-con-inner>.elementor-widget-spacer>.elementor-widget-container>.elementor-spacer,.e-con>.elementor-widget-spacer>.elementor-widget-container>.elementor-spacer{height:100%}.e-con-inner>.elementor-widget-spacer>.elementor-widget-container>.elementor-spacer>.elementor-spacer-inner,.e-con>.elementor-widget-spacer>.elementor-widget-container>.elementor-spacer>.elementor-spacer-inner{height:var(--container-widget-height,var(--spacer-size))}.e-con-inner>.elementor-widget-spacer.elementor-widget-empty,.e-con>.elementor-widget-spacer.elementor-widget-empty{position:relative;min-height:22px;min-width:22px}.e-con-inner>.elementor-widget-spacer.elementor-widget-empty .elementor-widget-empty-icon,.e-con>.elementor-widget-spacer.elementor-widget-empty .elementor-widget-empty-icon{position:absolute;top:0;bottom:0;left:0;right:0;margin:auto;padding:0;width:22px;height:22px}<\/style>\n<h2>IV Treatments at Home<\/h2>\n<p>Your prescribed intravenous treatment can be applied at your home. Without going out from your home, without increasing the risk of infection and without traffic stress, well equipped nurses reach you at a certain time period that suits you. <\/p>\n<p> IV treatments are applied through your veins in a quick, hygienic and professional way. IV treatments are needed for patients losing fluid because of diarrhea or vomiting, patients with medical conditions requiring quick treatment, and for unconscious patients.<\/p>\n<h3>Advantages of \u201cIV treatment at Home\u201d Service:<\/h3>\n<ul>\n<li>Achieving healthcare in your own environment,<\/li>\n<li>Reaching Individual tailor-made treatment modalities,<\/li>\n<li>Not feeling hospital psychology,<\/li>\n<li>Saving time for transportation to hospital,<\/li>\n<li>Diminishing risk of infection which might occur in hospital environment,<\/li>\n<li>Having high level of personal privacy,<\/li>\n<li>Having more time with your loved ones at home,<\/li>\n<li>Having higher level of quality of life,<\/li>\n<\/ul>\n<p><em>Having any IV treatment on time or whenever you wish.<\/em><\/p>\n<h2>Injections at Home<\/h2>\n<p>Home injections are one of the leading health services. Injections at home\u201d service allows you to get your remedies in your home and lets you save time, feel safe and avoid of hospital injections. <\/p>\n<p>*Injection: To give fluids and \/ or medicine with an injector into the vein, muscle or body cavities.<\/p>\n<p>https:\/\/youtu.be\/EzEe6NH9yvU<\/p>\n<h3>\u201cInjections at Home\u201d Advantages;<\/h3>\n<ul>\n<li>Achieving healthcare in your own environment,<\/li>\n<li>Having tailor \u2013 made healthcare,<\/li>\n<li>Feeling comfortable about being at home, not hospital.<\/li>\n<li>Less lack of time,<\/li>\n<li>Diminishing risk of infection which might occur in hospital environment<\/li>\n<li>Patient privacy is at the highest level,<\/li>\n<li>Having more time with your loved ones at home,<\/li>\n<li>Having high quality of life of patient and the family,<\/li>\n<\/ul>\n<p><em>Having any IV treatment on time or whenever you wish.<\/em><\/p>\n<h2>Urinary Catheter Management at Home<\/h2>\n<p>As it is done at home, placing urinary catheter is a service that allows less annoyance to the patient. This service prevents patient transportation and also saves time and energy of care taker for transportation to hospital. <\/p>\n<p>Urinary catheter is silicon pipe that is placed into urinary bladder to the patients who cannot evacuate their urine in natural way.<\/p>\n<p>We can take out the urinary catheter at home when the patient is discharged from the hospital for last treatment period and goes on using urinary catheter for a while. Immobile, bedridden patients need to change the urinary catheter at certain periods. \u201cUrinary catheter management at home\u201d is suitable for these patients, too.<\/p>\n<h3><b>Advantages of \u201cUrinary Catheter Management at Home\u201d Service;<\/b><\/h3>\n<ul>\n<li>Achieving healthcare in your own environment,<\/li>\n<li>Having tailor \u2013 made healthcare,<\/li>\n<li>Feeling comfortable about being at home, not hospital.<\/li>\n<li>Less lack of time,<\/li>\n<li>Diminishing risk of infection which might occur in hospital environment ,<\/li>\n<li>Patient privacy is at the highest level,<\/li>\n<li>Having more time with your loved ones at home,<\/li>\n<li>Having high quality of life of patient and the family,<\/li>\n<\/ul>\n<p><em>Having any urinary catheter management on time or whenever you wish.<\/em><\/p>\n<h2>Taking Blood Sample at Home<\/h2>\n<p>\u201cTaking blood samples at home\u201d service includes taking sample by experienced staff in accordance with hygiene procedures at the patients own place, conveying blood samples to laboratory, and informing patient and \/ or care taker about the results of lab. tests.<\/p>\n<p> This service is suitable for bedridden patients who are difficult to transport to hospital for monitoring the chronic illnesses and for the ones who do not feel themselves good enough for going to hospital or for the ones who live far away from hospital.<\/p>\n<h3>Advantages of \u201cTaking Blood Samples at Home\u201d Service:<\/h3>\n<ul>\n<li>Achieving healthcare in your own environment,<\/li>\n<li>Having tailor \u2013 made healthcare,<\/li>\n<li>Feeling comfortable about being at home, not hospital.<\/li>\n<li>Less lack of time,<\/li>\n<li>Diminishing risk of infection which might occur in hospital environment,<\/li>\n<li>Patient privacy is at the highest level,<\/li>\n<li>Having high quality of life of patient and the family,<\/li>\n<\/ul>\n<p><em>Having this service on time or whenever you wish.<\/em><\/p>\n<h2>Stoma Care at Home<\/h2>\n<p>In some certain cases intestines should be sutured to the abdominal wall for evacuation. The opening of intestines to abdominal wall which can be seen outside is called \u201cstoma\u201d. All wastes of digestion are evacuated through stoma. A bag placed on stoma collects these end products.<\/p>\n<p>\u201cStoma care at home\u201d service means caring stoma and changing stoma bags at certain periods by our nurses. Stoma (colostomy, urostomy, ileostomy) care and bag change is quite important. If there is a leakage and loosening, the bags should be changed. Wastes of intestine which touch at the intact skin around stoma may cause skin wounds and the adaptor may be loosen. With professional wound care products we are at your home. <\/p>\n<h3><b>Advantages of \u201cStoma Care at Home\u201d Service;<\/b><\/h3>\n<ul>\n<li>Achieving healthcare in your own environment,<\/li>\n<li>Having tailor \u2013 made healthcare,<\/li>\n<li>Feeling comfortable about being at home, not hospital.<\/li>\n<li>Less lack of time,<\/li>\n<li>Diminishing risk of infection which might occur in hospital environment,<\/li>\n<li>Patient privacy is at the highest level,<\/li>\n<li>Having more time with your loved ones at home,<\/li>\n<li>Having high quality of life of patient and the family,<\/li>\n<\/ul>\n<p><em>Having this service on time or whenever you wish.<\/em><\/p>\n<p><iframe loading=\"lazy\" title=\"Evde Hem\u015firelik Hizmetleri | Gazi Evde Sa\u011fl\u0131k\" width=\"500\" height=\"281\" src=\"https:\/\/www.youtube.com\/embed\/7ENia_3sDIE?feature=oembed\" frameborder=\"0\" allow=\"accelerometer; autoplay; clipboard-write; encrypted-media; gyroscope; picture-in-picture; web-share\" referrerpolicy=\"strict-origin-when-cross-origin\" allowfullscreen><\/iframe>\n\t\t\t\t\t\t<link rel=\"stylesheet\" id=\"wd-section-title-css\" href=\"https:\/\/gazievdebakim.com.tr\/wp-content\/themes\/woodmart\/css\/parts\/el-section-title.min.css?ver=7.4.3\" type=\"text\/css\" media=\"all\" \/>\n\t\t\t\t\tInformation for Free with Telephone or WhatsApp\t\t\t\t<\/p>\n<h4>Contact Us<\/h4>\n<link rel=\"stylesheet\" href=\"https:\/\/gazievdebakim.com.tr\/wp-content\/uploads\/elementor\/css\/custom-widget-icon-box.min.css?ver=1711729326\">\n\t\t\t\t<a href=\"tel:+902322702424\" tabindex=\"-1\"><br \/>\n\t\t\t\t\t\t\t\t<\/a><\/p>\n<h3>\n\t\t\t\t\t<a href=\"tel:+902322702424\" ><br \/>\n\t\t\t\t\t\t0 232 270 24 24\t\t\t\t\t<\/a><br \/>\n\t\t\t\t<\/h3>\n<p>\t\t\t\t<a href=\"https:\/\/wa.me\/905017256005\" tabindex=\"-1\" target=\"_blank\" rel=\"noopener\"><br \/>\n\t\t\t\t\t\t\t\t<\/a><\/p>\n<h3>\n\t\t\t\t\t<a href=\"https:\/\/wa.me\/905017256005\" target=\"_blank\" rel=\"noopener\"><br \/>\n\t\t\t\t\t\t0 501 725 60 05\t\t\t\t\t<\/a><br \/>\n\t\t\t\t<\/h3>\n<p>\t\t\t\t\tFill the form for information for free.\t\t\t\t<\/p>\n<h4>We\u2019ll call you!<\/h4>\n<div id=\"quform-066031\" class=\"quform quform-1 quform-support-page-caching\"><form id=\"quform-form-066031\" class=\"quform-form quform-form-1\" action=\"\/en\/wp-json\/wp\/v2\/pages\/18240#quform-066031\" method=\"post\" enctype=\"multipart\/form-data\" novalidate=\"novalidate\" data-options=\"{&quot;id&quot;:1,&quot;uniqueId&quot;:&quot;066031&quot;,&quot;theme&quot;:&quot;&quot;,&quot;ajax&quot;:true,&quot;logic&quot;:{&quot;logic&quot;:[],&quot;dependents&quot;:[],&quot;elementIds&quot;:[],&quot;dependentElementIds&quot;:[],&quot;animate&quot;:true},&quot;currentPageId&quot;:1,&quot;errorsIcon&quot;:&quot;&quot;,&quot;updateFancybox&quot;:true,&quot;hasPages&quot;:false,&quot;pages&quot;:[1],&quot;pageProgressType&quot;:&quot;numbers&quot;,&quot;tooltipsEnabled&quot;:true,&quot;tooltipClasses&quot;:&quot;qtip-quform-dark qtip-shadow&quot;,&quot;tooltipMy&quot;:&quot;left center&quot;,&quot;tooltipAt&quot;:&quot;right center&quot;,&quot;isRtl&quot;:false,&quot;scrollOffset&quot;:-50,&quot;scrollSpeed&quot;:800}\"><button class=\"quform-default-submit\" name=\"quform_submit\" type=\"submit\" value=\"submit\" aria-hidden=\"true\" tabindex=\"-1\"><\/button><div class=\"quform-form-inner quform-form-inner-1\"><input type=\"hidden\" name=\"quform_form_id\" value=\"1\" \/><input type=\"hidden\" name=\"quform_form_uid\" value=\"066031\" \/><input type=\"hidden\" name=\"quform_count\" value=\"1\" \/><input type=\"hidden\" name=\"form_url\" value=\"https:\/\/gazievdebakim.com.tr\/en\/wp-json\/wp\/v2\/pages\/18240\" \/><input type=\"hidden\" name=\"referring_url\" value=\"\" \/><input type=\"hidden\" name=\"post_id\" value=\"\" \/><input type=\"hidden\" name=\"post_title\" value=\"\" \/><input type=\"hidden\" name=\"quform_current_page_id\" value=\"1\" \/><input type=\"hidden\" name=\"quform_loaded\" value=\"1776207385|f80237e8f6a8da42137175fc3c90ed50\" \/><input type=\"hidden\" name=\"quform_csrf_token\" value=\"lK5FTrg61AjkX8d0hwBUt1DK869bFCMc8WBKga9y\" \/><div class=\"quform-elements quform-elements-1 quform-cf quform-responsive-elements-phone-landscape\"><div class=\"quform-element quform-element-page quform-page-1 quform-page-1_1 quform-cf quform-group-style-plain quform-first-page quform-last-page quform-current-page\"><div class=\"quform-child-elements\"><div class=\"quform-element quform-element-row quform-element-row-1_9 quform-1-columns quform-element-row-size-fixed quform-responsive-columns-phone-landscape\"><div class=\"quform-element quform-element-column quform-element-1_10\"><div class=\"quform-element quform-element-text quform-element-1_5 quform-cf quform-element-required\"><div class=\"quform-spacer\"><div class=\"quform-inner quform-inner-text quform-inner-1_5\"><div class=\"quform-input quform-input-text quform-input-1_5 quform-cf quform-has-field-icon-left\"><input type=\"text\" id=\"quform_1_5_066031\" name=\"quform_1_5\" class=\"quform-field quform-field-text quform-field-1_5\" placeholder=\"Ad Soyad:\" \/><span class=\"quform-field-icon quform-field-icon-left\"><i class=\"fa fa-user\"><\/i><\/span><\/div><\/div><\/div><\/div><div class=\"quform-element quform-element-text quform-element-1_4 quform-cf quform-element-required\"><div class=\"quform-spacer\"><div class=\"quform-inner quform-inner-text quform-inner-1_4\"><div class=\"quform-input quform-input-text quform-input-1_4 quform-cf quform-has-field-icon-left\"><input type=\"text\" id=\"quform_1_4_066031\" name=\"quform_1_4\" class=\"quform-field quform-field-text quform-field-1_4\" placeholder=\"Telefon Numaras\u0131\" \/><span class=\"quform-field-icon quform-field-icon-left\"><i class=\"fa fa-mobile-phone\"><\/i><\/span><\/div><\/div><\/div><\/div><\/div><\/div><div class=\"quform-element quform-element-checkbox quform-element-1_18 quform-cf quform-element-required\"><div class=\"quform-spacer\"><div class=\"quform-inner quform-inner-checkbox quform-inner-1_18\"><div class=\"quform-input quform-input-checkbox quform-input-1_18 quform-cf\"><div class=\"quform-options quform-cf quform-options-block quform-options-simple\"><div class=\"quform-option\"><input type=\"checkbox\" name=\"quform_1_18[]\" id=\"quform_1_18_066031_1\" class=\"quform-field quform-field-checkbox quform-field-1_18 quform-field-1_18_1\" value=\"*Verilerimin kullan\u0131lmas\u0131 ile ilgili &lt;a href=&quot;https:\/\/www.gazievdebakim.com.tr\/kvkk-gizlilik-ve-cerez-politikasi\/&quot;&gt;&lt;font color=&quot;#003F90&quot;&gt; KVVK ve Gizlilik Politikas\u0131&lt;\/font&gt;&lt;\/a&gt; okudum ve onayl\u0131yorum.\" \/><label for=\"quform_1_18_066031_1\" class=\"quform-option-label quform-option-label-1_18_1\"><span class=\"quform-option-text\">*Verilerimin kullan\u0131lmas\u0131 ile ilgili <a href=\"https:\/\/www.gazievdebakim.com.tr\/kvkk-gizlilik-ve-cerez-politikasi\/\"><font color=\"#003F90\"> KVVK ve Gizlilik Politikas\u0131<\/font><\/a> okudum ve onayl\u0131yorum.<\/span><\/label><\/div><\/div><\/div><\/div><\/div><\/div><div class=\"quform-element quform-element-textarea quform-element-1_641379 quform-sr-only quform-cf\" style=\"clip: rect(1px, 1px, 1px, 1px); clip-path: inset(50%); position: absolute !important; height: 1px; width: 1px; overflow: hidden;\"><div class=\"quform-spacer\"><div class=\"quform-label quform-label-1_641379\"><label class=\"quform-label-text\" for=\"quform_1_641379_066031\">Contact Email<span class=\"quform-required\">*<\/span><\/label><\/div><div class=\"quform-inner quform-inner-1_641379\"><textarea id=\"quform_1_641379_066031\" name=\"quform_1_641379\" class=\"quform-field quform-field-textarea quform-field-1_641379\" tabindex=\"-1\" autocomplete=\"new-password\"><\/textarea><\/div><\/div><\/div><div class=\"quform-element quform-element-submit quform-element-1_2 quform-cf quform-button-style-bootstrap-primary\"><div class=\"quform-button-submit quform-button-submit-default quform-button-submit-1_2\"><button name=\"quform_submit\" type=\"submit\" class=\"quform-submit\" value=\"submit\"><span class=\"quform-button-text quform-button-submit-text\">G\u00f6nder<\/span><\/button><\/div><div class=\"quform-loading quform-loading-position-left quform-loading-type-spinner-1\"><div class=\"quform-loading-inner\"><div class=\"quform-loading-spinner\"><div class=\"quform-loading-spinner-inner\"><\/div><\/div><\/div><\/div><\/div><\/div><\/div><\/div><\/div><\/form><\/div>\n","protected":false},"excerpt":{"rendered":"<p>\u201cNurse at Home\u201d Service Do not neglect your health! Meet with us at your home. Quick Information for Free \u201cNurse<\/p>\n","protected":false},"author":1,"featured_media":0,"parent":0,"menu_order":0,"comment_status":"closed","ping_status":"closed","template":"","meta":{"footnotes":""},"class_list":["post-18240","page","type-page","status-publish","hentry"],"_links":{"self":[{"href":"https:\/\/gazievdebakim.com.tr\/en\/wp-json\/wp\/v2\/pages\/18240","targetHints":{"allow":["GET"]}}],"collection":[{"href":"https:\/\/gazievdebakim.com.tr\/en\/wp-json\/wp\/v2\/pages"}],"about":[{"href":"https:\/\/gazievdebakim.com.tr\/en\/wp-json\/wp\/v2\/types\/page"}],"author":[{"embeddable":true,"href":"https:\/\/gazievdebakim.com.tr\/en\/wp-json\/wp\/v2\/users\/1"}],"replies":[{"embeddable":true,"href":"https:\/\/gazievdebakim.com.tr\/en\/wp-json\/wp\/v2\/comments?post=18240"}],"version-history":[{"count":0,"href":"https:\/\/gazievdebakim.com.tr\/en\/wp-json\/wp\/v2\/pages\/18240\/revisions"}],"wp:attachment":[{"href":"https:\/\/gazievdebakim.com.tr\/en\/wp-json\/wp\/v2\/media?parent=18240"}],"curies":[{"name":"wp","href":"https:\/\/api.w.org\/{rel}","templated":true}]}}