{"id":18233,"date":"2023-09-27T10:48:37","date_gmt":"2023-09-27T07:48:37","guid":{"rendered":"https:\/\/gazievdebakim.com.tr\/doctor-at-home\/"},"modified":"2023-12-11T15:07:30","modified_gmt":"2023-12-11T12:07:30","slug":"doctor-at-home","status":"publish","type":"page","link":"https:\/\/gazievdebakim.com.tr\/en\/doctor-at-home\/","title":{"rendered":"Doctor at Home"},"content":{"rendered":"<p><img loading=\"lazy\" width=\"1920\" height=\"1080\" src=\"https:\/\/gazievdebakim.com.tr\/wp-content\/uploads\/2023\/09\/Evde-Doktor-Hizmeti.jpg\" alt=\"\" decoding=\"async\" srcset=\"https:\/\/gazievdebakim.com.tr\/wp-content\/uploads\/2023\/09\/Evde-Doktor-Hizmeti.jpg 1920w, https:\/\/gazievdebakim.com.tr\/wp-content\/uploads\/2023\/09\/Evde-Doktor-Hizmeti-400x225.jpg 400w, https:\/\/gazievdebakim.com.tr\/wp-content\/uploads\/2023\/09\/Evde-Doktor-Hizmeti-1300x731.jpg 1300w, https:\/\/gazievdebakim.com.tr\/wp-content\/uploads\/2023\/09\/Evde-Doktor-Hizmeti-768x432.jpg 768w, https:\/\/gazievdebakim.com.tr\/wp-content\/uploads\/2023\/09\/Evde-Doktor-Hizmeti-1536x864.jpg 1536w\" sizes=\"auto, (max-width: 1920px) 100vw, 1920px\" title=\"\">\t\t\t\t\t\t\t\t\t\t\t\t\t\t\t\t\t\t<\/p>\n<h4 data-elementor-setting-key=\"title\">\n\t\t\t\t\t\t\t\t\u201cDoctor at Home\u201d Service \t\t\t\t\t\t\t<\/h4>\n<p>Do not neglect your health! Meet with us at your home.<\/p>\n<p>\t\t\t<a ><br \/>\n\t\t\t\t\tQuick Information for Free<br \/>\n\t\t\t\t\t\t\t<\/a><br \/>\n\t\t<a href=\"https:\/\/gazievdebakim.com.tr\/en\/doctor-at-home\/\"><br \/>\n\t\t\t\t\t\u201cDoctor at Home\u201d Service<br \/>\n\t\t\t\t\t\t\t\t<\/a><br \/>\n\t\t<a href=\"https:\/\/gazievdebakim.com.tr\/en\/doctor-at-home\/#Palliativecareathome\"><br \/>\n\t\t\t\t\tPalliative Care at Home<br \/>\n\t\t\t\t\t\t\t\t<\/a><br \/>\n\t\t<a href=\"https:\/\/gazievdebakim.com.tr\/en\/doctor-at-home\/#chronic-disease-care-at-home\"><br \/>\n\t\t\t\t\tChronic Disease Care at Home<br \/>\n\t\t\t\t\t\t\t\t<\/a><br \/>\n\t\t<a href=\"https:\/\/gazievdebakim.com.tr\/en\/doctor-at-home\/#nutrition-support-at-home\"><br \/>\n\t\t\t\t\tNutrition Support at Home<br \/>\n\t\t\t\t\t\t\t\t<\/a><\/p>\n<h2>What is \u201cdoctor at home\u201d service?<\/h2>\n<p>Health examinations are done by our doctors at patient\u2019s home or at any environment preferred. <\/p>\n<p>Health examinations at home are far from transportation issues, physical disabilities and hospital medium, so healthcare at home is comfortable for patient and \/or patient\u2019s care provider. Transport problems, physical inadequacies, hospital-related ailments make home service important.<\/p>\n<p>Home doctor services provided by Gazi Home Health team include examination, examination, care, control and patient follow-up. General examination, maintenance and follow up can be provided by our doctors without going to a healthcare institute.<\/p>\n<h3>What are the Advantages of \u201cDoctor at Home\u201d Service?<\/h3>\n<p>\u201cDoctor at Home\u201d resolves some physical and mental question marks. Loss of time and effort for transportation and hospital procedures to deal with, diminishes. The patient accesses healthcare services in an environment where he\/she knows and trusts and feels comfortable. So, he \/ she can express his\/her complaints more easily and openly. The patient receives care in an environment where they feel safe. He \/ she is at ease with his complaints. An effective service is provided in people&#8217;s comfort areas. As the doctor focuses the patient more efficiently than in an outpatient clinic, the quality of examination and communication among doctor and patient increases. Observations and treatments are applied quickly.<\/p>\n<h3>\u201cDoctor at Home\u201d for Who?<\/h3>\n<p>People who do not prefer to go to hospital for several reasons mentioned above. Apart from that: <\/p>\n<ul>\n<li>Patients who are discharged from intensive care units<\/li>\n<li>Patients who have to be monitored postoperatively<\/li>\n<li>People having movement disabilities<\/li>\n<li>High risk people for infections<\/li>\n<li>Elderly patients &lt;65 ages<\/li>\n<li>Immobile patients need routine healthcare<\/li>\n<\/ul>\n<h3>What is the Unique Point of \u201cDoctor at Home\u201d Service?<\/h3>\n<p>\u201cDoctor at home\u201d service provides holistic, result oriented, highly focused and tailor-made healthcare examination enhancing the treatment approaches and results. Bu hizmet s\u0131ras\u0131nda doktor yo\u011fun bir \u015fekilde hastaya odaklanabilir. Can observe more efficiently. As a result of a better understanding of the need and the situation, effective solutions can be produced. <\/p>\n<h3>How to Proceed for \u201cDoctor at Home\u201d Service? <\/h3>\n<p>After your call a doctor from our team will be conveyed toward your place. After examination, treatment will be given and blood samples will be taken by our experienced nurse if necessary. Results of laboratory tests will be shared with patient or care giver. <\/p>\n<p>Laboratory test results and general condition of patient will be evaluated by our doctors with the understanding of preventive medicine and diseases are tried to be prevented before they occur. Emerging medical conditions will be treated and managed as necessary to improve the quality of life of patients and family. <\/p>\n<h2>Specialists of \u201cDoctor at Home\u201d Service:<\/h2>\n<p>Geriatrics, cardiology, heart and vascular surgery, urology, neurology, neurosurgery, internal medicine, algology (pain management), dentistry, dermatology, chest disease specialist.<\/p>\n<h2>What is &#8220;Palliative Care\u201d?<\/h2>\n<p>\u201cPalliative care is a quality-of-life enhancing approach by early detection of physical, emotional and psychosocial problems, especially pain, and managing all these potential or current complaints arising from life-threatening conditions.\u201d <\/p>\n<\/p>\n<p>https:\/\/youtu.be\/4xocQQ8sMCA<\/p>\n<h3>What is the importance of Palliative Care?<\/h3>\n<p>Sometimes all the patient\u2019s need is enhancement of quality of life instead of treatment of underlying disease. This approach may increase the mood and provide strong attachment to life and increase good relations among patient and family members.<\/p>\n<h3>What is the Aim of Palliative Care?<\/h3>\n<p>Palliative care aims to provide an active and high-quality life till the end of life. <\/p>\n<h3>\u201cPalliative Care at Home\u201d after discharge: <\/h3>\n<p>After the healthcare support done in the hospital for life threatening conditions if; <\/p>\n<ol>\n<li>\u2026the complaints are under control,<\/li>\n<li>&#8230;the emergent problem is solved,<\/li>\n<li>&#8230;the invasive procedures that can be done in the hospital are performed without any complication (i.e tracheostomy, percutaneous endoscopic gastrostomy \u2013 PEG),<\/li>\n<li>\u2026the patient and family demand to be discharged.<\/li>\n<\/ol>\n<p>palliative care will be useful. <\/p>\n<h3>How does \u201cPalliative Care at Home\u201d Create Difference? <\/h3>\n<p>Patients with serious life-threatening conditions live longer but with more disabilities in recent years. \u201cPalliative care at home\u201d increases quality of life and prolongs life with a cost \/ effective way. <\/p>\n<p>Our Gazi Home Health team, with its experienced staff, aims to make your patient&#8217;s difficult days easier and relieve the caregiver&#8217;s burden. <\/p>\n<h2>Chronic Disease Care at Home<\/h2>\n<p>In recent years number of people living with one or more chronic disease increases. 90% of people older than 65 years old have one or more chronic disease. Healthcare at home becomes more important in managing these diseases and treating this population. <\/p>\n<p>https:\/\/youtu.be\/So38IGKsP8c<\/p>\n<p>\u201cGazi Healthcare at Home\u201d team can support this patient population during whole process. Sustainability is a value in chronic disease. Healthcare at home services provides sustainable care for the population with chronic diseases.<\/p>\n<h2>Nutrition Support at Home<\/h2>\n<p>Placing nasogastric tube (known as feeding tube) is a medical procedure. Feeding tube is placed when patient cannot eat orally or can be fed orally but not adequately. Nasogastric tube provides nutritional support with a catheter placed through stomach via nasal cavity. Feeding tubes allow the patient to be cared for at home without having to be hospitalized. Nasogastric tube (catheter) can be placed by our experienced team at home.<\/p>\n<p>https:\/\/youtu.be\/sKHjqKrTdDE<\/p>\n<p>Nasogastric tube is vital for patients who cannot eat orally or cannot swallow. Here are samples for these conditions:<\/p>\n<h5><strong>1. Difficulty in Swallowing:<\/strong><\/h5>\n<p>If patients have any difficulty in swallowing, feeding tube sends nutrient to stomach directly without need of swallowing.<\/p>\n<h5>2. Healing Period After Surgical Procedures:<\/h5>\n<p>In the postoperative period, patients may need to rest their stomach or intestines. After stomach operations feeding tube can be placed for sending nutrient to small intestines bypassing stomach.<\/p>\n<h5>3. Inadequate Nutrition:<\/h5>\n<p>Nutrient absorption problems, unconscious patients can be managed by feeding tubes. It can be used to provide nutrition to unconscious patients.<\/p>\n<h5>4. Mouth or Tongue Cancers :<\/h5>\n<p>Feeding probes can be used in cases of nutritional problems caused by chronic diseases and in cases where patients with jaw or tongue cancer cannot feed.<\/p>\n<p>Nasogastric tube should be placed by an experienced healthcare professional due to a medical recommendation. The procedure is a part of \u201chealthcare at home\u201d service enhancing patients\u2019 quality of life. Feeding catheters are customised and carefully managed according to the patient&#8217;s specific needs and medical condition.<\/p>\n<p>In conclusion, feeding catheters are an important tool to meet the nutritional needs of patients and to maintain their health. Such medical interventions can improve patients&#8217; quality of life and support the treatment process. After placing the feeding tubes, monitoring and controlling carefully by a healthcare professional is crucial.<\/p>\n<h3>Advantages of Nasogastric Catheter Placing at Home Service;<\/h3>\n<ul>\n<li>Achieving healthcare in your own environment,<\/li>\n<li>Having tailor \u2013 made healthcare,<\/li>\n<li>Feeling comfortable about being at home, not hospital.<\/li>\n<li>Less lack of time,<\/li>\n<li>Having less risk of hospital originated infections,<\/li>\n<li>Patient privacy is at the highest level,<\/li>\n<li>Having high quality of life of patient and the family,<\/li>\n<\/ul>\n<p><em><strong>Our nutritional<\/strong> supports reach you at your home, and you can reach us for better feeding in your home\u2019s comfort whenever you wish.<\/em><\/p>\n<p><iframe loading=\"lazy\" title=\"Evde Doktor Muayenesi | Gazi Evde Sa\u011fl\u0131k\" width=\"500\" height=\"281\" src=\"https:\/\/www.youtube.com\/embed\/woOpPjGJDAc?feature=oembed\" frameborder=\"0\" allow=\"accelerometer; autoplay; clipboard-write; encrypted-media; gyroscope; picture-in-picture; web-share\" referrerpolicy=\"strict-origin-when-cross-origin\" allowfullscreen><\/iframe><br \/>\n\t\t\t\t\tInformation for Free with Telephone or WhatsApp\t\t\t\t<\/p>\n<h4>Contact Us<\/h4>\n<p>\t\t\t\t<a href=\"tel:+902322702424\" tabindex=\"-1\"><br \/>\n\t\t\t\t\t\t\t\t<\/a><\/p>\n<h3>\n\t\t\t\t\t<a href=\"tel:+902322702424\" ><br \/>\n\t\t\t\t\t\t0 232 270 24 24\t\t\t\t\t<\/a><br \/>\n\t\t\t\t<\/h3>\n<p>\t\t\t\t<a href=\"https:\/\/wa.me\/905017256005\" tabindex=\"-1\" target=\"_blank\" rel=\"noopener\"><br \/>\n\t\t\t\t\t\t\t\t<\/a><\/p>\n<h3>\n\t\t\t\t\t<a href=\"https:\/\/wa.me\/905017256005\" target=\"_blank\" rel=\"noopener\"><br \/>\n\t\t\t\t\t\t0 501 725 60 05\t\t\t\t\t<\/a><br \/>\n\t\t\t\t<\/h3>\n<p>\t\t\t\t\tFill the form for information for free.\t\t\t\t<\/p>\n<h4>We\u2019ll call you!<\/h4>\n<div id=\"quform-1f7fe5\" class=\"quform quform-5 quform-support-page-caching\"><form id=\"quform-form-1f7fe5\" class=\"quform-form quform-form-5\" action=\"\/en\/wp-json\/wp\/v2\/pages\/18233#quform-1f7fe5\" method=\"post\" enctype=\"multipart\/form-data\" novalidate=\"novalidate\" data-options=\"{&quot;id&quot;:5,&quot;uniqueId&quot;:&quot;1f7fe5&quot;,&quot;theme&quot;:&quot;&quot;,&quot;ajax&quot;:true,&quot;logic&quot;:{&quot;logic&quot;:[],&quot;dependents&quot;:[],&quot;elementIds&quot;:[],&quot;dependentElementIds&quot;:[],&quot;animate&quot;:true},&quot;currentPageId&quot;:1,&quot;errorsIcon&quot;:&quot;&quot;,&quot;updateFancybox&quot;:true,&quot;hasPages&quot;:false,&quot;pages&quot;:[1],&quot;pageProgressType&quot;:&quot;numbers&quot;,&quot;tooltipsEnabled&quot;:true,&quot;tooltipClasses&quot;:&quot;qtip-quform-dark qtip-shadow&quot;,&quot;tooltipMy&quot;:&quot;left center&quot;,&quot;tooltipAt&quot;:&quot;right center&quot;,&quot;isRtl&quot;:false,&quot;scrollOffset&quot;:-50,&quot;scrollSpeed&quot;:800}\"><button class=\"quform-default-submit\" name=\"quform_submit\" type=\"submit\" value=\"submit\" aria-hidden=\"true\" tabindex=\"-1\"><\/button><div class=\"quform-form-inner quform-form-inner-5\"><input type=\"hidden\" name=\"quform_form_id\" value=\"5\" \/><input type=\"hidden\" name=\"quform_form_uid\" value=\"1f7fe5\" \/><input type=\"hidden\" name=\"quform_count\" value=\"1\" \/><input type=\"hidden\" name=\"form_url\" value=\"https:\/\/gazievdebakim.com.tr\/en\/wp-json\/wp\/v2\/pages\/18233\" \/><input type=\"hidden\" name=\"referring_url\" value=\"https:\/\/gazievdebakim.com.tr\/en\/doctor-at-home\/\" \/><input type=\"hidden\" name=\"post_id\" value=\"\" \/><input type=\"hidden\" name=\"post_title\" value=\"\" \/><input type=\"hidden\" name=\"quform_current_page_id\" value=\"1\" \/><input type=\"hidden\" name=\"quform_loaded\" value=\"1776281507|d4af108dfaaf4044dcb7130373f0a4ec\" \/><input type=\"hidden\" name=\"quform_csrf_token\" value=\"HxvnvXZLTlwPYCjsyLMUh8UaI63WPmAzGAolvuab\" \/><div class=\"quform-elements quform-elements-5 quform-cf quform-responsive-elements-phone-landscape\"><div class=\"quform-element quform-element-page quform-page-1 quform-page-5_1 quform-cf quform-group-style-plain quform-first-page quform-last-page quform-current-page\"><div class=\"quform-child-elements\"><div class=\"quform-element quform-element-row quform-element-row-5_7 quform-1-columns quform-element-row-size-fixed quform-responsive-columns-phone-landscape\"><div class=\"quform-element quform-element-column quform-element-5_8\"><div class=\"quform-element quform-element-text quform-element-5_4 quform-cf quform-element-required\"><div class=\"quform-spacer\"><div class=\"quform-inner quform-inner-text quform-inner-5_4\"><div class=\"quform-input quform-input-text quform-input-5_4 quform-cf quform-has-field-icon-left\"><input type=\"text\" id=\"quform_5_4_1f7fe5\" name=\"quform_5_4\" class=\"quform-field quform-field-text quform-field-5_4\" placeholder=\"Name Surname:\" \/><span class=\"quform-field-icon quform-field-icon-left\"><i class=\"fa fa-user\"><\/i><\/span><\/div><\/div><\/div><\/div><div class=\"quform-element quform-element-text quform-element-5_5 quform-cf quform-element-required\"><div class=\"quform-spacer\"><div class=\"quform-inner quform-inner-text quform-inner-5_5\"><div class=\"quform-input quform-input-text quform-input-5_5 quform-cf quform-has-field-icon-left\"><input type=\"text\" id=\"quform_5_5_1f7fe5\" name=\"quform_5_5\" class=\"quform-field quform-field-text quform-field-5_5\" placeholder=\"Mobile Phone\" \/><span class=\"quform-field-icon quform-field-icon-left\"><i class=\"fa fa-mobile-phone\"><\/i><\/span><\/div><\/div><\/div><\/div><\/div><\/div><div class=\"quform-element quform-element-textarea quform-element-5_250409 quform-sr-only quform-cf\" style=\"clip: rect(1px, 1px, 1px, 1px); clip-path: inset(50%); position: absolute !important; height: 1px; width: 1px; overflow: hidden;\"><div class=\"quform-spacer\"><div class=\"quform-label quform-label-5_250409\"><label class=\"quform-label-text\" for=\"quform_5_250409_1f7fe5\">Contact Email<span class=\"quform-required\">*<\/span><\/label><\/div><div class=\"quform-inner quform-inner-5_250409\"><textarea id=\"quform_5_250409_1f7fe5\" name=\"quform_5_250409\" class=\"quform-field quform-field-textarea quform-field-5_250409\" tabindex=\"-1\" autocomplete=\"new-password\"><\/textarea><\/div><\/div><\/div><div class=\"quform-element quform-element-checkbox quform-element-5_11 quform-cf quform-element-required\"><div class=\"quform-spacer\"><div class=\"quform-inner quform-inner-checkbox quform-inner-5_11\"><div class=\"quform-input quform-input-checkbox quform-input-5_11 quform-cf\"><div class=\"quform-options quform-cf quform-options-block quform-options-simple\"><div class=\"quform-option\"><input type=\"checkbox\" name=\"quform_5_11[]\" id=\"quform_5_11_1f7fe5_1\" class=\"quform-field quform-field-checkbox quform-field-5_11 quform-field-5_11_1\" value=\"*I have read and approve the &lt;a href=&quot;https:\/\/www.gazievdebakim.com.tr\/en\/kvkk-privacy-and-cookie-policy\/&quot;&gt;&lt;font color=&quot;#003F90&quot;&gt; KVKK and Privacy Policy &lt;\/font&gt;&lt;\/a&gt; regarding the use of my data.\" \/><label for=\"quform_5_11_1f7fe5_1\" class=\"quform-option-label quform-option-label-5_11_1\"><span class=\"quform-option-text\">*I have read and approve the <a href=\"https:\/\/www.gazievdebakim.com.tr\/en\/kvkk-privacy-and-cookie-policy\/\"><font color=\"#003F90\"> KVKK and Privacy Policy <\/font><\/a> regarding the use of my data.<\/span><\/label><\/div><\/div><\/div><\/div><\/div><\/div><div class=\"quform-element quform-element-submit quform-element-5_2 quform-cf quform-button-style-bootstrap-primary\"><div class=\"quform-button-submit quform-button-submit-default quform-button-submit-5_2\"><button name=\"quform_submit\" type=\"submit\" class=\"quform-submit\" value=\"submit\"><span class=\"quform-button-text quform-button-submit-text\">Send<\/span><\/button><\/div><div class=\"quform-loading quform-loading-position-left quform-loading-type-spinner-1\"><div class=\"quform-loading-inner\"><div class=\"quform-loading-spinner\"><div class=\"quform-loading-spinner-inner\"><\/div><\/div><\/div><\/div><\/div><\/div><\/div><\/div><\/div><\/form><\/div>\n","protected":false},"excerpt":{"rendered":"<p>\u201cDoctor at Home\u201d Service Do not neglect your health! Meet with us at your home. Quick Information for Free \u201cDoctor<\/p>\n","protected":false},"author":1,"featured_media":0,"parent":0,"menu_order":0,"comment_status":"closed","ping_status":"closed","template":"","meta":{"footnotes":""},"class_list":["post-18233","page","type-page","status-publish","hentry"],"_links":{"self":[{"href":"https:\/\/gazievdebakim.com.tr\/en\/wp-json\/wp\/v2\/pages\/18233","targetHints":{"allow":["GET"]}}],"collection":[{"href":"https:\/\/gazievdebakim.com.tr\/en\/wp-json\/wp\/v2\/pages"}],"about":[{"href":"https:\/\/gazievdebakim.com.tr\/en\/wp-json\/wp\/v2\/types\/page"}],"author":[{"embeddable":true,"href":"https:\/\/gazievdebakim.com.tr\/en\/wp-json\/wp\/v2\/users\/1"}],"replies":[{"embeddable":true,"href":"https:\/\/gazievdebakim.com.tr\/en\/wp-json\/wp\/v2\/comments?post=18233"}],"version-history":[{"count":0,"href":"https:\/\/gazievdebakim.com.tr\/en\/wp-json\/wp\/v2\/pages\/18233\/revisions"}],"wp:attachment":[{"href":"https:\/\/gazievdebakim.com.tr\/en\/wp-json\/wp\/v2\/media?parent=18233"}],"curies":[{"name":"wp","href":"https:\/\/api.w.org\/{rel}","templated":true}]}}